{"id":160,"date":"2012-10-30T23:18:55","date_gmt":"2012-10-31T01:18:55","guid":{"rendered":"http:\/\/blog.os-teixeiras.com\/?page_id=160"},"modified":"2013-05-22T17:25:11","modified_gmt":"2013-05-22T20:25:11","slug":"obra-de-valzinho","status":"publish","type":"page","link":"http:\/\/blog.os-teixeiras.com\/?page_id=160","title":{"rendered":"Obra de Valzinho"},"content":{"rendered":"<table width=\"600\">\n<tbody>\n<tr>\n<td width=\"200\">M\u00fasica<\/td>\n<td width=\"200\">Parceiro<\/td>\n<td width=\"200\">Int\u00e9rprete<\/td>\n<\/tr>\n<tr>\n<td width=\"200\">1) Tr\u00eas de Setembro<\/td>\n<td width=\"200\">Renato Batista<\/td>\n<td width=\"200\">Castro Barbosa<\/td>\n<\/tr>\n<tr>\n<td width=\"200\"><\/td>\n<td width=\"200\"><\/td>\n<td width=\"200\">Zez\u00e9 Gonzaga (1979)<\/td>\n<\/tr>\n<tr>\n<td width=\"200\"><\/td>\n<td width=\"200\"><\/td>\n<td width=\"200\">Jane Duboc (1999)<\/td>\n<\/tr>\n<tr>\n<td width=\"200\">2) Tudo foi surpresa<\/td>\n<td width=\"200\">Peter Pan<\/td>\n<td width=\"200\">Aracy de Almeida (1940)<\/td>\n<\/tr>\n<tr>\n<td width=\"200\"><\/td>\n<td width=\"200\"><\/td>\n<td width=\"200\">Raul Moreno (1959)<\/td>\n<\/tr>\n<tr>\n<td width=\"200\"><\/td>\n<td width=\"200\"><\/td>\n<td width=\"200\">Dalva de Oliveira (1968)<\/td>\n<\/tr>\n<tr>\n<td width=\"200\"><\/td>\n<td width=\"200\"><\/td>\n<td width=\"200\">Elizeth Cardoso (1971)<\/td>\n<\/tr>\n<tr>\n<td width=\"200\"><\/td>\n<td width=\"200\"><\/td>\n<td width=\"200\">Cristina Buarque (1979)<\/td>\n<\/tr>\n<tr>\n<td width=\"200\"><\/td>\n<td width=\"200\"><\/td>\n<td width=\"200\">Zez\u00e9 Gonzaga (1979)<\/td>\n<\/tr>\n<tr>\n<td width=\"200\">3) N\u00e3o Conv\u00e9m<\/td>\n<td width=\"200\">Jorge de Castro<\/td>\n<td width=\"200\">Aracy de Almeida (1942\/43)<\/td>\n<\/tr>\n<tr>\n<td width=\"200\"><\/td>\n<td width=\"200\"><\/td>\n<td width=\"200\">Zez\u00e9 Gonzaga (1979)<\/td>\n<\/tr>\n<tr>\n<td width=\"200\">4) Doce Veneno<\/td>\n<td width=\"200\">Lentini e Goulart<\/td>\n<td width=\"200\">Marion (1941)<\/td>\n<\/tr>\n<tr>\n<td width=\"200\"><\/td>\n<td width=\"200\"><\/td>\n<td width=\"200\">Jamel\u00e3o (1958)<\/td>\n<\/tr>\n<tr>\n<td width=\"200\"><\/td>\n<td width=\"200\"><\/td>\n<td width=\"200\">Gaucho e orquestra<\/td>\n<\/tr>\n<tr>\n<td width=\"200\"><\/td>\n<td width=\"200\"><\/td>\n<td width=\"200\">Britinho e orquestra<\/td>\n<\/tr>\n<tr>\n<td width=\"200\"><\/td>\n<td width=\"200\"><\/td>\n<td width=\"200\">Paulinho da Viola (1968)<\/td>\n<\/tr>\n<tr>\n<td width=\"200\"><\/td>\n<td width=\"200\"><\/td>\n<td width=\"200\">Cynara (1969)<\/td>\n<\/tr>\n<tr>\n<td width=\"200\"><\/td>\n<td width=\"200\"><\/td>\n<td width=\"200\">Elizeth Cardoso (1971)<\/td>\n<\/tr>\n<tr>\n<td width=\"200\"><\/td>\n<td width=\"200\"><\/td>\n<td width=\"200\">Maria Creuza (1978)<\/td>\n<\/tr>\n<tr>\n<td width=\"200\"><\/td>\n<td width=\"200\"><\/td>\n<td width=\"200\">Zez\u00e9 Gonzaga (1979)<\/td>\n<\/tr>\n<tr>\n<td width=\"200\">5) N\u00e3o Sei Porque<\/td>\n<td width=\"200\">Luperce Miranda<\/td>\n<td width=\"200\">Gilberto Alves (1943)<\/td>\n<\/tr>\n<tr>\n<td width=\"200\">6) Tormento<\/td>\n<td width=\"200\"><\/td>\n<td width=\"200\">Orlando Silva (1946)<\/td>\n<\/tr>\n<tr>\n<td width=\"200\"><\/td>\n<td width=\"200\"><\/td>\n<td width=\"200\">Zez\u00e9 Gonzaga (1979)<\/td>\n<\/tr>\n<tr>\n<td width=\"200\">7) Quando o Amor Vai Embora<\/td>\n<td width=\"200\">Evaldo Ruy<\/td>\n<td width=\"200\">Nora Ney (1958)<\/td>\n<\/tr>\n<tr>\n<td width=\"200\"><\/td>\n<td width=\"200\"><\/td>\n<td width=\"200\">Zez\u00e9 Gonzaga (1979)<\/td>\n<\/tr>\n<tr>\n<td width=\"200\"><\/td>\n<td width=\"200\"><\/td>\n<td width=\"200\">Zez\u00e9 Gonzaga (1979)<\/td>\n<\/tr>\n<tr>\n<td width=\"200\">8) \u00d3culos Escuros<\/td>\n<td width=\"200\">Orestes Barbosa<\/td>\n<td width=\"200\">Zez\u00e9 Gonzaga (1950)<\/td>\n<\/tr>\n<tr>\n<td width=\"200\"><\/td>\n<td width=\"200\"><\/td>\n<td width=\"200\">Paulinho da Viola (1971)<\/td>\n<\/tr>\n<tr>\n<td width=\"200\"><\/td>\n<td width=\"200\"><\/td>\n<td width=\"200\">Zez\u00e9 Gonzaga (1979)<\/td>\n<\/tr>\n<tr>\n<td width=\"200\">9) Voc\u00ea n\u00e3o tem vez<\/td>\n<td width=\"200\">Dom\u00edcio Costa<\/td>\n<td width=\"200\">C\u00e9sar de Alencar (1952)<\/td>\n<\/tr>\n<tr>\n<td width=\"200\">10) N\u00e3o vou chorar<\/td>\n<td width=\"200\">Dom\u00edcio Costa<\/td>\n<td width=\"200\">Ivete Garcia (1953)<\/td>\n<\/tr>\n<tr>\n<td width=\"200\">11) Vou Levando<\/td>\n<td width=\"200\">Dom\u00edcio Costa<\/td>\n<td width=\"200\">Violeta Cavalcanti (1954)<\/td>\n<\/tr>\n<tr>\n<td width=\"200\">12) Gostar de Ningu\u00e9m<\/td>\n<td width=\"200\">Hugo de Almeida<\/td>\n<td width=\"200\">Ala\u00edde Costa (1960)<\/td>\n<\/tr>\n<tr>\n<td width=\"200\">13) Teu Olhar<\/td>\n<td width=\"200\">Garoto<\/td>\n<td width=\"200\">Zez\u00e9 Gonzaga (1979)<\/td>\n<\/tr>\n<tr>\n<td width=\"200\">14) Minha Paz<\/td>\n<td width=\"200\"><\/td>\n<td width=\"200\">In\u00e9dita<\/td>\n<\/tr>\n<tr>\n<td width=\"200\">15) Amor Bom<\/td>\n<td width=\"200\">Gracindo J\u00fanior<\/td>\n<td width=\"200\">In\u00e9dita<\/td>\n<\/tr>\n<tr>\n<td width=\"200\">16) Fantasia<\/td>\n<td width=\"200\"><\/td>\n<td width=\"200\">Zez\u00e9 Gonzaga (1979)<\/td>\n<\/tr>\n<tr>\n<td width=\"200\">17) Castigo<\/td>\n<td width=\"200\">Manezinho Ara\u00fajo<\/td>\n<td width=\"200\">Zez\u00e9 Gonzaga (1979)<\/td>\n<\/tr>\n<tr>\n<td width=\"200\">18) Amar e Sofrer<\/td>\n<td width=\"200\"><\/td>\n<td width=\"200\">Zez\u00e9 Gonzaga (1979)<\/td>\n<\/tr>\n<tr>\n<td width=\"200\">19) Imagens<\/td>\n<td width=\"200\">Orestes Barbosa<\/td>\n<td width=\"200\">Jards Macal\u00e9 (1974)<\/td>\n<\/tr>\n<tr>\n<td width=\"200\"><\/td>\n<td width=\"200\"><\/td>\n<td width=\"200\">Zez\u00e9 Gonzaga (1979)<\/td>\n<\/tr>\n<tr>\n<td width=\"200\">20) Felicidade<\/td>\n<td width=\"200\">Reinaldo Dias Leme<\/td>\n<td width=\"200\">Zez\u00e9 Gonzaga (1979)<\/td>\n<\/tr>\n<tr>\n<td width=\"200\">21) Ora\u00e7\u00e3o<\/td>\n<td width=\"200\">Jararaca<\/td>\n<td width=\"200\">In\u00e9dita<\/td>\n<\/tr>\n<tr>\n<td width=\"200\">22) Deslealdade<\/td>\n<td width=\"200\">Armando Lousada<\/td>\n<td width=\"200\">In\u00e9dita<\/td>\n<\/tr>\n<tr>\n<td width=\"200\">23) Viver sem Ningu\u00e9m<\/td>\n<td width=\"200\">Marcelo Machado<\/td>\n<td width=\"200\">Valzinho (1979)<\/td>\n<\/tr>\n<tr>\n<td width=\"200\">24) Impedimento (?)<\/td>\n<td width=\"200\"><\/td>\n<td width=\"200\">In\u00e9dita<\/td>\n<\/tr>\n<tr>\n<td width=\"200\">25) A quem Deus Prometeu<\/td>\n<td width=\"200\">Manoel de Carvalho<\/td>\n<td width=\"200\">In\u00e9dita<\/td>\n<\/tr>\n<tr>\n<td width=\"200\">26) Impaci\u00eancia (?)<\/td>\n<td width=\"200\"><\/td>\n<td width=\"200\">In\u00e9dita<\/td>\n<\/tr>\n<tr>\n<td width=\"200\">27) Suplica<\/td>\n<td width=\"200\">Pernambuco<\/td>\n<td width=\"200\">In\u00e9dita (?)<\/td>\n<\/tr>\n<tr>\n<td width=\"200\">28) Tempo de Crian\u00e7a<\/td>\n<td width=\"200\">Luis Bittencourt<\/td>\n<td width=\"200\">Zez\u00e9 Gonzaga (1979)<\/td>\n<\/tr>\n<tr>\n<td width=\"200\">29) Eu, ele e voc\u00ea ou Tr\u00eas num s\u00f3<\/td>\n<td width=\"200\">Bid\u00fa Reis<\/td>\n<td width=\"200\">In\u00e9dita<\/td>\n<\/tr>\n<tr>\n<td width=\"200\">30) Fatalidade<\/td>\n<td width=\"200\"><\/td>\n<td width=\"200\">In\u00e9dita<\/td>\n<\/tr>\n<tr>\n<td width=\"200\">31) Arrependimento<\/td>\n<td width=\"200\"><\/td>\n<td width=\"200\">In\u00e9dita<\/td>\n<\/tr>\n<tr>\n<td width=\"200\">32) Quem ri por \u00faltimo<\/td>\n<td width=\"200\"><\/td>\n<td width=\"200\">In\u00e9dita<\/td>\n<\/tr>\n<tr>\n<td width=\"200\">33) Nosso encontro<\/td>\n<td width=\"200\"><\/td>\n<td width=\"200\">In\u00e9dita<\/td>\n<\/tr>\n<tr>\n<td width=\"200\">34) Saudades<\/td>\n<td width=\"200\"><\/td>\n<td width=\"200\">In\u00e9dita<\/td>\n<\/tr>\n<tr>\n<td width=\"200\">35) (M\u00fasica sem nome)<\/td>\n<td width=\"200\">Cl\u00f3vis de Mello<\/td>\n<td width=\"200\">In\u00e9dita<\/td>\n<\/tr>\n<\/tbody>\n<\/table>\n","protected":false},"excerpt":{"rendered":"<p>M\u00fasica Parceiro Int\u00e9rprete 1) Tr\u00eas de Setembro Renato Batista Castro Barbosa Zez\u00e9 Gonzaga (1979) Jane Duboc (1999) 2) Tudo foi surpresa Peter Pan Aracy de Almeida (1940) Raul Moreno (1959) Dalva de Oliveira (1968) Elizeth Cardoso (1971) Cristina Buarque (1979) &hellip; <a href=\"http:\/\/blog.os-teixeiras.com\/?page_id=160\">Continue lendo <span class=\"meta-nav\">&rarr;<\/span><\/a><\/p>\n","protected":false},"author":3,"featured_media":0,"parent":0,"menu_order":0,"comment_status":"closed","ping_status":"open","template":"","meta":[],"_links":{"self":[{"href":"http:\/\/blog.os-teixeiras.com\/index.php?rest_route=\/wp\/v2\/pages\/160"}],"collection":[{"href":"http:\/\/blog.os-teixeiras.com\/index.php?rest_route=\/wp\/v2\/pages"}],"about":[{"href":"http:\/\/blog.os-teixeiras.com\/index.php?rest_route=\/wp\/v2\/types\/page"}],"author":[{"embeddable":true,"href":"http:\/\/blog.os-teixeiras.com\/index.php?rest_route=\/wp\/v2\/users\/3"}],"replies":[{"embeddable":true,"href":"http:\/\/blog.os-teixeiras.com\/index.php?rest_route=%2Fwp%2Fv2%2Fcomments&post=160"}],"version-history":[{"count":15,"href":"http:\/\/blog.os-teixeiras.com\/index.php?rest_route=\/wp\/v2\/pages\/160\/revisions"}],"predecessor-version":[{"id":346,"href":"http:\/\/blog.os-teixeiras.com\/index.php?rest_route=\/wp\/v2\/pages\/160\/revisions\/346"}],"wp:attachment":[{"href":"http:\/\/blog.os-teixeiras.com\/index.php?rest_route=%2Fwp%2Fv2%2Fmedia&parent=160"}],"curies":[{"name":"wp","href":"https:\/\/api.w.org\/{rel}","templated":true}]}}