{"id":10,"date":"2012-10-12T14:19:20","date_gmt":"2012-10-12T17:19:20","guid":{"rendered":"http:\/\/blog.os-teixeiras.com\/?page_id=10"},"modified":"2013-05-22T17:24:57","modified_gmt":"2013-05-22T20:24:57","slug":"familia-teixeira","status":"publish","type":"page","link":"http:\/\/blog.os-teixeiras.com\/?page_id=10","title":{"rendered":"Fam\u00edlia Teixeira"},"content":{"rendered":"<p>Entre tantas, a fam\u00edlia Teixeira abordada por este blogue, diz respeito ao n\u00facleo familiar que se formou a partir do casamento de Edgard Carlos Teixeira com Niza Chaves Teixeira.<\/p>\n<p>Ele violonista e ela pianista, ambos m\u00fasicos amadores, tiveram seis filhos. Eram eles, em ordem de nascimento:<\/p>\n<p>Norival Carlos Teixeira (conhecido como Valzinho)<br \/>\nNewton Carlos Teixeira (conhecido como Newton Teixeira)<br \/>\nNilva Chaves Teixeira<br \/>\nNeuwaldo Chaves Teixeira<br \/>\nCirene Chaves Teixeira<br \/>\nY\u00eadda Carlos Teixeira<\/p>\n<p>Todos foram iniciados na arte musical e quase todos nas artes pl\u00e1sticas, por iniciativa de seus pais.<\/p>\n<p>Deste empenho de Edgard e Niza, sa\u00edram dois m\u00fasicos profissionais Newton Teixeira e Valzinho, este \u00faltimo tamb\u00e9m escultor e desenhista profissional, que trabalhou toda a vida na Casa da Moeda e na R\u00e1dio Nacional, e uma delas, Cirene Teixeira pintora amadora. Embora todos tocassem algum instrumento musical, quase todos piano e viol\u00e3o, \u00e0s mulheres foi vedada o ingresso na vida profissional art\u00edstica.<\/p>\n","protected":false},"excerpt":{"rendered":"<p>Entre tantas, a fam\u00edlia Teixeira abordada por este blogue, diz respeito ao n\u00facleo familiar que se formou a partir do casamento de Edgard Carlos Teixeira com Niza Chaves Teixeira. Ele violonista e ela pianista, ambos m\u00fasicos amadores, tiveram seis filhos. &hellip; <a href=\"http:\/\/blog.os-teixeiras.com\/?page_id=10\">Continue lendo <span class=\"meta-nav\">&rarr;<\/span><\/a><\/p>\n","protected":false},"author":3,"featured_media":0,"parent":0,"menu_order":0,"comment_status":"closed","ping_status":"open","template":"","meta":[],"_links":{"self":[{"href":"http:\/\/blog.os-teixeiras.com\/index.php?rest_route=\/wp\/v2\/pages\/10"}],"collection":[{"href":"http:\/\/blog.os-teixeiras.com\/index.php?rest_route=\/wp\/v2\/pages"}],"about":[{"href":"http:\/\/blog.os-teixeiras.com\/index.php?rest_route=\/wp\/v2\/types\/page"}],"author":[{"embeddable":true,"href":"http:\/\/blog.os-teixeiras.com\/index.php?rest_route=\/wp\/v2\/users\/3"}],"replies":[{"embeddable":true,"href":"http:\/\/blog.os-teixeiras.com\/index.php?rest_route=%2Fwp%2Fv2%2Fcomments&post=10"}],"version-history":[{"count":3,"href":"http:\/\/blog.os-teixeiras.com\/index.php?rest_route=\/wp\/v2\/pages\/10\/revisions"}],"predecessor-version":[{"id":14,"href":"http:\/\/blog.os-teixeiras.com\/index.php?rest_route=\/wp\/v2\/pages\/10\/revisions\/14"}],"wp:attachment":[{"href":"http:\/\/blog.os-teixeiras.com\/index.php?rest_route=%2Fwp%2Fv2%2Fmedia&parent=10"}],"curies":[{"name":"wp","href":"https:\/\/api.w.org\/{rel}","templated":true}]}}